{"id":3242,"date":"2025-05-19T09:05:24","date_gmt":"2025-05-19T09:05:24","guid":{"rendered":"https:\/\/cgc-infra.com\/?page_id=3242"},"modified":"2025-05-28T08:18:22","modified_gmt":"2025-05-28T08:18:22","slug":"engagements-rse","status":"publish","type":"page","link":"https:\/\/cgc-infra.com\/en\/engagements-rse\/","title":{"rendered":"CSR commitments"},"content":{"rendered":"<div data-elementor-type=\"wp-page\" data-elementor-id=\"3242\" class=\"elementor elementor-3242\" data-elementor-post-type=\"page\">\n\t\t\t\t<div class=\"elementor-element elementor-element-0f682a5 e-flex e-con-boxed e-con e-parent\" data-id=\"0f682a5\" data-element_type=\"container\" data-e-type=\"container\" data-settings=\"{&quot;background_background&quot;:&quot;classic&quot;}\">\n\t\t\t\t\t<div class=\"e-con-inner\">\n\t\t<div class=\"elementor-element elementor-element-2178aa2 e-flex e-con-boxed e-con e-child\" data-id=\"2178aa2\" data-element_type=\"container\" data-e-type=\"container\">\n\t\t\t\t\t<div class=\"e-con-inner\">\n\t\t\t\t<div class=\"elementor-element elementor-element-2e428a3 elementor-absolute e-transform elementor-widget elementor-widget-image\" data-id=\"2e428a3\" data-element_type=\"widget\" data-e-type=\"widget\" data-settings=\"{&quot;_position&quot;:&quot;absolute&quot;,&quot;_transform_rotateZ_effect&quot;:{&quot;unit&quot;:&quot;px&quot;,&quot;size&quot;:-19,&quot;sizes&quot;:[]},&quot;_transform_rotateZ_effect_tablet&quot;:{&quot;unit&quot;:&quot;deg&quot;,&quot;size&quot;:&quot;&quot;,&quot;sizes&quot;:[]},&quot;_transform_rotateZ_effect_mobile&quot;:{&quot;unit&quot;:&quot;deg&quot;,&quot;size&quot;:&quot;&quot;,&quot;sizes&quot;:[]}}\" data-widget_type=\"image.default\">\n\t\t\t\t\t\t\t\t\t\t\t\t\t\t\t<img decoding=\"async\" width=\"150\" height=\"150\" src=\"https:\/\/cgc-infra.com\/wp-content\/uploads\/2025\/05\/eco_r-150x150.png\" class=\"attachment-thumbnail size-thumbnail wp-image-3822\" alt=\"\" srcset=\"https:\/\/cgc-infra.com\/wp-content\/uploads\/2025\/05\/eco_r-150x150.png 150w, https:\/\/cgc-infra.com\/wp-content\/uploads\/2025\/05\/eco_r-13x12.webp 13w\" sizes=\"(max-width: 150px) 100vw, 150px\" \/>\t\t\t\t\t\t\t\t\t\t\t\t\t\t\t<\/div>\n\t\t\t\t<div class=\"elementor-element elementor-element-3ac5382 elementor-widget elementor-widget-heading\" data-id=\"3ac5382\" data-element_type=\"widget\" data-e-type=\"widget\" data-widget_type=\"heading.default\">\n\t\t\t\t\t<h1 class=\"elementor-heading-title elementor-size-default\">CGC infra, an eco-responsible integrator<\/h1>\t\t\t\t<\/div>\n\t\t\t\t<div class=\"elementor-element elementor-element-e4b1eff elementor-widget elementor-widget-heading\" data-id=\"e4b1eff\" data-element_type=\"widget\" data-e-type=\"widget\" data-widget_type=\"heading.default\">\n\t\t\t\t\t<h2 class=\"elementor-heading-title elementor-size-default\">\"At CGC, we believe in environmentally friendly technology integration.\"\n\n<\/h2>\t\t\t\t<\/div>\n\t\t\t\t\t<\/div>\n\t\t\t\t<\/div>\n\t\t\t\t\t<\/div>\n\t\t\t\t<\/div>\n\t\t<div class=\"elementor-element elementor-element-f5931aa e-flex e-con-boxed e-con e-parent\" data-id=\"f5931aa\" data-element_type=\"container\" data-e-type=\"container\" data-settings=\"{&quot;background_background&quot;:&quot;classic&quot;}\">\n\t\t\t\t\t<div class=\"e-con-inner\">\n\t\t\t\t<div class=\"elementor-element elementor-element-833a7b8 elementor-widget elementor-widget-heading\" data-id=\"833a7b8\" data-element_type=\"widget\" data-e-type=\"widget\" data-widget_type=\"heading.default\">\n\t\t\t\t\t<h2 class=\"elementor-heading-title elementor-size-default\">\"That's why we're committed, on a daily basis, to limiting our ecological impact through concrete actions, shared by all our teams: technicians, administrative staff, service providers or trainees. \"<\/h2>\t\t\t\t<\/div>\n\t\t<div class=\"elementor-element elementor-element-b296d63 e-con-full e-flex e-con e-child\" data-id=\"b296d63\" data-element_type=\"container\" data-e-type=\"container\" data-settings=\"{&quot;background_background&quot;:&quot;classic&quot;}\">\n\t\t\t\t<div class=\"elementor-element elementor-element-4585cd2 elementor-widget elementor-widget-html\" data-id=\"4585cd2\" data-element_type=\"widget\" data-e-type=\"widget\" data-widget_type=\"html.default\">\n\t\t\t\t\t<div class=\"eco-wrapper\">\r\n\r\n  <h2>CGC, an eco-responsible integrator<\/h2>\r\n\r\n  <p>At CGC, we believe in environmentally-friendly technological integration.  \r\n  That's why we're committed, on a daily basis, to limiting our ecological impact through concrete actions shared by all our teams: technicians, administrative staff, service providers and trainees.<\/p>\r\n\r\n  <h3>Waste sorting and management<\/h3>\r\n  <ul class=\"primary-bullet\">\r\n    <li>Systematic collection of cartons received in a dedicated area<\/li>\r\n    <li>Technicians collect packaging after installation to ensure cleanliness of customer site<\/li>\r\n    <li>Empty drums picked up by our logistics partner Edox<\/li>\r\n    <li>Enhancing the value of active equipment :\r\n      <ul class=\"arrow-bullet\">\r\n        <li>Or reused via the circular economy<\/li>\r\n        <li>Resold to brokers specializing in reconditioning or recycling<\/li>\r\n      <\/ul>\r\n    <\/li>\r\n  <\/ul>\r\n\r\n  <h3>Respect for water and soil<\/h3>\r\n  <ul class=\"primary-bullet\">\r\n    <li>Collection of all waste likely to impact nature<\/li>\r\n    <li>Concrete commitment to preventing diffuse pollution<\/li>\r\n  <\/ul>\r\n\r\n  <h3>Energy management<\/h3>\r\n  <ul class=\"primary-bullet\">\r\n    <li>Reducing consumption in-house and at customer sites<\/li>\r\n    <li>Optimizing travel, resources and uses<\/li>\r\n  <\/ul>\r\n\r\n  <h3>Circular economy<\/h3>\r\n  <ul class=\"primary-bullet\">\r\n    <li>Priority given to reuse of equipment that is still functional<\/li>\r\n    <li>Minimizing electronic waste through recycling<\/li>\r\n  <\/ul>\r\n\r\n  <h3>Partnership with MNA Trading<\/h3>\r\n  <p>To reinforce this approach, CGC has teamed up with MNA Trading (Paris\/Dakar), a company committed to more sustainable digital technology.<\/p>\r\n  <ul class=\"primary-bullet\">\r\n    <li>Health<\/li>\r\n    <li>Training<\/li>\r\n    <li>Financing<\/li>\r\n    <li>Industrial support<\/li>\r\n    <li>Waste recovery<\/li>\r\n  <\/ul>\r\n\r\n<\/div>\r\n\t\t\t\t<\/div>\n\t\t\t\t<\/div>\n\t\t\t\t\t<\/div>\n\t\t\t\t<\/div>\n\t\t<div class=\"elementor-element elementor-element-47a0f7d e-flex e-con-boxed elementor-invisible e-con e-parent\" data-id=\"47a0f7d\" data-element_type=\"container\" data-e-type=\"container\" data-settings=\"{&quot;background_background&quot;:&quot;classic&quot;,&quot;animation&quot;:&quot;fadeInUp&quot;}\">\n\t\t\t\t\t<div class=\"e-con-inner\">\n\t\t\t\t<div class=\"elementor-element elementor-element-7407008 elementor-widget elementor-widget-heading\" data-id=\"7407008\" data-element_type=\"widget\" data-e-type=\"widget\" data-widget_type=\"heading.default\">\n\t\t\t\t\t<h2 class=\"elementor-heading-title elementor-size-default\">\"They trust us<\/h2>\t\t\t\t<\/div>\n\t\t\t\t<div class=\"elementor-element elementor-element-7bc80a9 elementor-widget elementor-widget-pp-logo-carousel\" data-id=\"7bc80a9\" data-element_type=\"widget\" data-e-type=\"widget\" data-widget_type=\"pp-logo-carousel.default\">\n\t\t\t\t\t\t\t<div class=\"swiper-container-wrap\">\n\t\t\t<div class=\"pp-logo-carousel pp-swiper-slider swiper grayscale-normal\" data-slider-settings=\"{&quot;effect&quot;:&quot;slide&quot;,&quot;speed&quot;:400,&quot;slides_per_view&quot;:7,&quot;space_between&quot;:50,&quot;auto_height&quot;:false,&quot;loop&quot;:&quot;yes&quot;,&quot;autoplay&quot;:&quot;yes&quot;,&quot;autoplay_speed&quot;:3000,&quot;pause_on_interaction&quot;:&quot;&quot;,&quot;show_arrows&quot;:true,&quot;slides_per_view_mobile&quot;:4,&quot;space_between_mobile&quot;:10,&quot;slides_per_view_tablet&quot;:5,&quot;space_between_tablet&quot;:10}\">\n\t\t\t\t<div class=\"swiper-wrapper\">\n\t\t\t\t\t\t\t\t\t\t\t<div class=\"swiper-slide\">\n\t\t\t\t\t\t\t\t<div class=\"pp-lc-logo-wrap\">\n\t\t\t\t\t\t\t\t\t<div class=\"pp-lc-logo\">\n\t\t\t\t\t\t\t\t\t\t\t\t\t\t\t\t\t\t\t\t\t\t<img decoding=\"async\" src=\"https:\/\/cgc-infra.com\/wp-content\/uploads\/2025\/05\/ministere.webp\" alt=\"ministere\">\n\t\t\t\t\t\t\t\t\t\t\t\t\t\t\t\t\t\t\t\t\t<\/div>\n\t\t\t\t\t\t\t\t\t\t\t\t\t\t\t\t\t\t\t\t<h4 class=\"pp-logo-title\">\n\t\t\t\t\t\t\t\t\t\t\tdepartment\t\t\t\t\t\t\t\t\t\t\t<\/h4>\n\t\t\t\t\t\t\t\t\t\t\t\t\t\t\t\t\t\t\t<\/div>\n\t\t\t\t\t\t\t<\/div>\n\t\t\t\t\t\t\t\t\t\t\t\t\t\t<div class=\"swiper-slide\">\n\t\t\t\t\t\t\t\t<div class=\"pp-lc-logo-wrap\">\n\t\t\t\t\t\t\t\t\t<div class=\"pp-lc-logo\">\n\t\t\t\t\t\t\t\t\t\t\t\t\t\t\t\t\t\t\t\t\t\t<img decoding=\"async\" src=\"https:\/\/cgc-infra.com\/wp-content\/uploads\/2025\/05\/elbow3.webp\" alt=\"elbow3\">\n\t\t\t\t\t\t\t\t\t\t\t\t\t\t\t\t\t\t\t\t\t<\/div>\n\t\t\t\t\t\t\t\t\t\t\t\t\t\t\t\t\t\t\t\t<h4 class=\"pp-logo-title\">\n\t\t\t\t\t\t\t\t\t\t\telbow\t\t\t\t\t\t\t\t\t\t\t<\/h4>\n\t\t\t\t\t\t\t\t\t\t\t\t\t\t\t\t\t\t\t<\/div>\n\t\t\t\t\t\t\t<\/div>\n\t\t\t\t\t\t\t\t\t\t\t\t\t\t<div class=\"swiper-slide\">\n\t\t\t\t\t\t\t\t<div class=\"pp-lc-logo-wrap\">\n\t\t\t\t\t\t\t\t\t<div class=\"pp-lc-logo\">\n\t\t\t\t\t\t\t\t\t\t\t\t\t\t\t\t\t\t\t\t\t\t<img decoding=\"async\" src=\"https:\/\/cgc-infra.com\/wp-content\/uploads\/2025\/05\/telehouse.webp\" alt=\"telehouse\">\n\t\t\t\t\t\t\t\t\t\t\t\t\t\t\t\t\t\t\t\t\t<\/div>\n\t\t\t\t\t\t\t\t\t\t\t\t\t\t\t\t\t\t\t\t<h4 class=\"pp-logo-title\">\n\t\t\t\t\t\t\t\t\t\t\ttelehouse\t\t\t\t\t\t\t\t\t\t\t<\/h4>\n\t\t\t\t\t\t\t\t\t\t\t\t\t\t\t\t\t\t\t<\/div>\n\t\t\t\t\t\t\t<\/div>\n\t\t\t\t\t\t\t\t\t\t\t\t\t\t<div class=\"swiper-slide\">\n\t\t\t\t\t\t\t\t<div class=\"pp-lc-logo-wrap\">\n\t\t\t\t\t\t\t\t\t<div class=\"pp-lc-logo\">\n\t\t\t\t\t\t\t\t\t\t\t\t\t\t\t\t\t\t\t\t\t\t<img decoding=\"async\" src=\"https:\/\/cgc-infra.com\/wp-content\/uploads\/2025\/05\/afpa.webp\" alt=\"afpa\">\n\t\t\t\t\t\t\t\t\t\t\t\t\t\t\t\t\t\t\t\t\t<\/div>\n\t\t\t\t\t\t\t\t\t\t\t\t\t\t\t\t\t\t\t\t<h4 class=\"pp-logo-title\">\n\t\t\t\t\t\t\t\t\t\t\tafpa\t\t\t\t\t\t\t\t\t\t\t<\/h4>\n\t\t\t\t\t\t\t\t\t\t\t\t\t\t\t\t\t\t\t<\/div>\n\t\t\t\t\t\t\t<\/div>\n\t\t\t\t\t\t\t\t\t\t\t\t\t\t<div class=\"swiper-slide\">\n\t\t\t\t\t\t\t\t<div class=\"pp-lc-logo-wrap\">\n\t\t\t\t\t\t\t\t\t<div class=\"pp-lc-logo\">\n\t\t\t\t\t\t\t\t\t\t\t\t\t\t\t\t\t\t\t\t\t\t<img decoding=\"async\" src=\"https:\/\/cgc-infra.com\/wp-content\/uploads\/2025\/05\/acorus.webp\" alt=\"acorus\">\n\t\t\t\t\t\t\t\t\t\t\t\t\t\t\t\t\t\t\t\t\t<\/div>\n\t\t\t\t\t\t\t\t\t\t\t\t\t\t\t\t\t\t\t\t<h4 class=\"pp-logo-title\">\n\t\t\t\t\t\t\t\t\t\t\tacorus\t\t\t\t\t\t\t\t\t\t\t<\/h4>\n\t\t\t\t\t\t\t\t\t\t\t\t\t\t\t\t\t\t\t<\/div>\n\t\t\t\t\t\t\t<\/div>\n\t\t\t\t\t\t\t\t\t\t\t\t\t\t<div class=\"swiper-slide\">\n\t\t\t\t\t\t\t\t<div class=\"pp-lc-logo-wrap\">\n\t\t\t\t\t\t\t\t\t<div class=\"pp-lc-logo\">\n\t\t\t\t\t\t\t\t\t\t\t\t\t\t\t\t\t\t\t\t\t\t<img decoding=\"async\" src=\"https:\/\/cgc-infra.com\/wp-content\/uploads\/2025\/05\/impala3.webp\" alt=\"impala3\">\n\t\t\t\t\t\t\t\t\t\t\t\t\t\t\t\t\t\t\t\t\t<\/div>\n\t\t\t\t\t\t\t\t\t\t\t\t\t\t\t\t\t\t\t\t<h4 class=\"pp-logo-title\">\n\t\t\t\t\t\t\t\t\t\t\timpala\t\t\t\t\t\t\t\t\t\t\t<\/h4>\n\t\t\t\t\t\t\t\t\t\t\t\t\t\t\t\t\t\t\t<\/div>\n\t\t\t\t\t\t\t<\/div>\n\t\t\t\t\t\t\t\t\t\t\t\t\t\t<div class=\"swiper-slide\">\n\t\t\t\t\t\t\t\t<div class=\"pp-lc-logo-wrap\">\n\t\t\t\t\t\t\t\t\t<div class=\"pp-lc-logo\">\n\t\t\t\t\t\t\t\t\t\t\t\t\t\t\t\t\t\t\t\t\t\t<img decoding=\"async\" src=\"https:\/\/cgc-infra.com\/wp-content\/uploads\/2025\/05\/sparkle.webp\" alt=\"sparkle\">\n\t\t\t\t\t\t\t\t\t\t\t\t\t\t\t\t\t\t\t\t\t<\/div>\n\t\t\t\t\t\t\t\t\t\t\t\t\t\t\t\t\t\t\t\t<h4 class=\"pp-logo-title\">\n\t\t\t\t\t\t\t\t\t\t\tsparkle\t\t\t\t\t\t\t\t\t\t\t<\/h4>\n\t\t\t\t\t\t\t\t\t\t\t\t\t\t\t\t\t\t\t<\/div>\n\t\t\t\t\t\t\t<\/div>\n\t\t\t\t\t\t\t\t\t\t\t\t\t\t<div class=\"swiper-slide\">\n\t\t\t\t\t\t\t\t<div class=\"pp-lc-logo-wrap\">\n\t\t\t\t\t\t\t\t\t<div class=\"pp-lc-logo\">\n\t\t\t\t\t\t\t\t\t\t\t\t\t\t\t\t\t\t\t\t\t\t<img decoding=\"async\" src=\"https:\/\/cgc-infra.com\/wp-content\/uploads\/2025\/05\/etix.webp\" alt=\"etix\">\n\t\t\t\t\t\t\t\t\t\t\t\t\t\t\t\t\t\t\t\t\t<\/div>\n\t\t\t\t\t\t\t\t\t\t\t\t\t\t\t\t\t\t\t\t<h4 class=\"pp-logo-title\">\n\t\t\t\t\t\t\t\t\t\t\tetix\t\t\t\t\t\t\t\t\t\t\t<\/h4>\n\t\t\t\t\t\t\t\t\t\t\t\t\t\t\t\t\t\t\t<\/div>\n\t\t\t\t\t\t\t<\/div>\n\t\t\t\t\t\t\t\t\t\t\t\t\t\t<div class=\"swiper-slide\">\n\t\t\t\t\t\t\t\t<div class=\"pp-lc-logo-wrap\">\n\t\t\t\t\t\t\t\t\t<div class=\"pp-lc-logo\">\n\t\t\t\t\t\t\t\t\t\t\t\t\t\t\t\t\t\t\t\t\t\t<img decoding=\"async\" src=\"https:\/\/cgc-infra.com\/wp-content\/uploads\/2025\/05\/otsi.webp\" alt=\"otsi\">\n\t\t\t\t\t\t\t\t\t\t\t\t\t\t\t\t\t\t\t\t\t<\/div>\n\t\t\t\t\t\t\t\t\t\t\t\t\t\t\t\t\t\t\t\t<h4 class=\"pp-logo-title\">\n\t\t\t\t\t\t\t\t\t\t\totsi\t\t\t\t\t\t\t\t\t\t\t<\/h4>\n\t\t\t\t\t\t\t\t\t\t\t\t\t\t\t\t\t\t\t<\/div>\n\t\t\t\t\t\t\t<\/div>\n\t\t\t\t\t\t\t\t\t\t\t\t\t\t<div class=\"swiper-slide\">\n\t\t\t\t\t\t\t\t<div class=\"pp-lc-logo-wrap\">\n\t\t\t\t\t\t\t\t\t<div class=\"pp-lc-logo\">\n\t\t\t\t\t\t\t\t\t\t\t\t\t\t\t\t\t\t\t\t\t\t<img decoding=\"async\" src=\"https:\/\/cgc-infra.com\/wp-content\/uploads\/2025\/05\/sg.webp\" alt=\"sg\">\n\t\t\t\t\t\t\t\t\t\t\t\t\t\t\t\t\t\t\t\t\t<\/div>\n\t\t\t\t\t\t\t\t\t\t\t\t\t\t\t\t\t\t\t\t<h4 class=\"pp-logo-title\">\n\t\t\t\t\t\t\t\t\t\t\tsg\t\t\t\t\t\t\t\t\t\t\t<\/h4>\n\t\t\t\t\t\t\t\t\t\t\t\t\t\t\t\t\t\t\t<\/div>\n\t\t\t\t\t\t\t<\/div>\n\t\t\t\t\t\t\t\t\t\t\t\t\t\t<div class=\"swiper-slide\">\n\t\t\t\t\t\t\t\t<div class=\"pp-lc-logo-wrap\">\n\t\t\t\t\t\t\t\t\t<div class=\"pp-lc-logo\">\n\t\t\t\t\t\t\t\t\t\t\t\t\t\t\t\t\t\t\t\t\t\t<img decoding=\"async\" src=\"https:\/\/cgc-infra.com\/wp-content\/uploads\/2025\/05\/tata3.webp\" alt=\"tata3\">\n\t\t\t\t\t\t\t\t\t\t\t\t\t\t\t\t\t\t\t\t\t<\/div>\n\t\t\t\t\t\t\t\t\t\t\t\t\t\t\t\t\t\t\t\t<h4 class=\"pp-logo-title\">\n\t\t\t\t\t\t\t\t\t\t\tauntie\t\t\t\t\t\t\t\t\t\t\t<\/h4>\n\t\t\t\t\t\t\t\t\t\t\t\t\t\t\t\t\t\t\t<\/div>\n\t\t\t\t\t\t\t<\/div>\n\t\t\t\t\t\t\t\t\t\t\t\t\t\t<div class=\"swiper-slide\">\n\t\t\t\t\t\t\t\t<div class=\"pp-lc-logo-wrap\">\n\t\t\t\t\t\t\t\t\t<div class=\"pp-lc-logo\">\n\t\t\t\t\t\t\t\t\t\t\t\t\t\t\t\t\t\t\t\t\t\t<img decoding=\"async\" src=\"https:\/\/cgc-infra.com\/wp-content\/uploads\/2025\/05\/criteo.webp\" alt=\"criteo\">\n\t\t\t\t\t\t\t\t\t\t\t\t\t\t\t\t\t\t\t\t\t<\/div>\n\t\t\t\t\t\t\t\t\t\t\t\t\t\t\t\t\t\t\t\t<h4 class=\"pp-logo-title\">\n\t\t\t\t\t\t\t\t\t\t\tcriteo\t\t\t\t\t\t\t\t\t\t\t<\/h4>\n\t\t\t\t\t\t\t\t\t\t\t\t\t\t\t\t\t\t\t<\/div>\n\t\t\t\t\t\t\t<\/div>\n\t\t\t\t\t\t\t\t\t\t\t\t\t\t<div class=\"swiper-slide\">\n\t\t\t\t\t\t\t\t<div class=\"pp-lc-logo-wrap\">\n\t\t\t\t\t\t\t\t\t<div class=\"pp-lc-logo\">\n\t\t\t\t\t\t\t\t\t\t\t\t\t\t\t\t\t\t\t\t\t\t<img decoding=\"async\" src=\"https:\/\/cgc-infra.com\/wp-content\/uploads\/2025\/05\/outscale.webp\" alt=\"outscale\">\n\t\t\t\t\t\t\t\t\t\t\t\t\t\t\t\t\t\t\t\t\t<\/div>\n\t\t\t\t\t\t\t\t\t\t\t\t\t\t\t\t\t\t\t\t<h4 class=\"pp-logo-title\">\n\t\t\t\t\t\t\t\t\t\t\toutscale\t\t\t\t\t\t\t\t\t\t\t<\/h4>\n\t\t\t\t\t\t\t\t\t\t\t\t\t\t\t\t\t\t\t<\/div>\n\t\t\t\t\t\t\t<\/div>\n\t\t\t\t\t\t\t\t\t\t\t\t\t\t<div class=\"swiper-slide\">\n\t\t\t\t\t\t\t\t<div class=\"pp-lc-logo-wrap\">\n\t\t\t\t\t\t\t\t\t<div class=\"pp-lc-logo\">\n\t\t\t\t\t\t\t\t\t\t\t\t\t\t\t\t\t\t\t\t\t\t<img decoding=\"async\" src=\"https:\/\/cgc-infra.com\/wp-content\/uploads\/2025\/05\/ibrowse.webp\" alt=\"ibrowse\">\n\t\t\t\t\t\t\t\t\t\t\t\t\t\t\t\t\t\t\t\t\t<\/div>\n\t\t\t\t\t\t\t\t\t\t\t\t\t\t\t\t\t\t\t\t<h4 class=\"pp-logo-title\">\n\t\t\t\t\t\t\t\t\t\t\tibrowse\t\t\t\t\t\t\t\t\t\t\t<\/h4>\n\t\t\t\t\t\t\t\t\t\t\t\t\t\t\t\t\t\t\t<\/div>\n\t\t\t\t\t\t\t<\/div>\n\t\t\t\t\t\t\t\t\t\t\t\t\t\t<div class=\"swiper-slide\">\n\t\t\t\t\t\t\t\t<div class=\"pp-lc-logo-wrap\">\n\t\t\t\t\t\t\t\t\t<div class=\"pp-lc-logo\">\n\t\t\t\t\t\t\t\t\t\t\t\t\t\t\t\t\t\t\t\t\t\t<img decoding=\"async\" src=\"https:\/\/cgc-infra.com\/wp-content\/uploads\/2025\/05\/microsoft.webp\" alt=\"microsoft\">\n\t\t\t\t\t\t\t\t\t\t\t\t\t\t\t\t\t\t\t\t\t<\/div>\n\t\t\t\t\t\t\t\t\t\t\t\t\t\t\t\t\t\t\t\t<h4 class=\"pp-logo-title\">\n\t\t\t\t\t\t\t\t\t\t\tmicrosoft\t\t\t\t\t\t\t\t\t\t\t<\/h4>\n\t\t\t\t\t\t\t\t\t\t\t\t\t\t\t\t\t\t\t<\/div>\n\t\t\t\t\t\t\t<\/div>\n\t\t\t\t\t\t\t\t\t\t\t\t\t\t<div class=\"swiper-slide\">\n\t\t\t\t\t\t\t\t<div class=\"pp-lc-logo-wrap\">\n\t\t\t\t\t\t\t\t\t<div class=\"pp-lc-logo\">\n\t\t\t\t\t\t\t\t\t\t\t\t\t\t\t\t\t\t\t\t\t\t<img decoding=\"async\" src=\"https:\/\/cgc-infra.com\/wp-content\/uploads\/2025\/05\/equinix.webp\" alt=\"equinix\">\n\t\t\t\t\t\t\t\t\t\t\t\t\t\t\t\t\t\t\t\t\t<\/div>\n\t\t\t\t\t\t\t\t\t\t\t\t\t\t\t\t\t\t\t\t<h4 class=\"pp-logo-title\">\n\t\t\t\t\t\t\t\t\t\t\tequinix\t\t\t\t\t\t\t\t\t\t\t<\/h4>\n\t\t\t\t\t\t\t\t\t\t\t\t\t\t\t\t\t\t\t<\/div>\n\t\t\t\t\t\t\t<\/div>\n\t\t\t\t\t\t\t\t\t\t\t\t\t\t<div class=\"swiper-slide\">\n\t\t\t\t\t\t\t\t<div class=\"pp-lc-logo-wrap\">\n\t\t\t\t\t\t\t\t\t<div class=\"pp-lc-logo\">\n\t\t\t\t\t\t\t\t\t\t\t\t\t\t\t\t\t\t\t\t\t\t<img decoding=\"async\" src=\"https:\/\/cgc-infra.com\/wp-content\/uploads\/2025\/05\/copalec.webp\" alt=\"copalec\">\n\t\t\t\t\t\t\t\t\t\t\t\t\t\t\t\t\t\t\t\t\t<\/div>\n\t\t\t\t\t\t\t\t\t\t\t\t\t\t\t\t\t\t\t\t<h4 class=\"pp-logo-title\">\n\t\t\t\t\t\t\t\t\t\t\tcopalec\t\t\t\t\t\t\t\t\t\t\t<\/h4>\n\t\t\t\t\t\t\t\t\t\t\t\t\t\t\t\t\t\t\t<\/div>\n\t\t\t\t\t\t\t<\/div>\n\t\t\t\t\t\t\t\t\t\t\t\t\t\t<div class=\"swiper-slide\">\n\t\t\t\t\t\t\t\t<div class=\"pp-lc-logo-wrap\">\n\t\t\t\t\t\t\t\t\t<div class=\"pp-lc-logo\">\n\t\t\t\t\t\t\t\t\t\t\t\t\t\t\t\t\t\t\t\t\t\t<img decoding=\"async\" src=\"https:\/\/cgc-infra.com\/wp-content\/uploads\/2025\/05\/claranet.webp\" alt=\"claranet\">\n\t\t\t\t\t\t\t\t\t\t\t\t\t\t\t\t\t\t\t\t\t<\/div>\n\t\t\t\t\t\t\t\t\t\t\t\t\t\t\t\t\t\t\t\t<h4 class=\"pp-logo-title\">\n\t\t\t\t\t\t\t\t\t\t\tclaranet\t\t\t\t\t\t\t\t\t\t\t<\/h4>\n\t\t\t\t\t\t\t\t\t\t\t\t\t\t\t\t\t\t\t<\/div>\n\t\t\t\t\t\t\t<\/div>\n\t\t\t\t\t\t\t\t\t\t\t\t\t\t<div class=\"swiper-slide\">\n\t\t\t\t\t\t\t\t<div class=\"pp-lc-logo-wrap\">\n\t\t\t\t\t\t\t\t\t<div class=\"pp-lc-logo\">\n\t\t\t\t\t\t\t\t\t\t\t\t\t\t\t\t\t\t\t\t\t\t<img decoding=\"async\" src=\"https:\/\/cgc-infra.com\/wp-content\/uploads\/2025\/05\/hoppen.webp\" alt=\"hoppen\">\n\t\t\t\t\t\t\t\t\t\t\t\t\t\t\t\t\t\t\t\t\t<\/div>\n\t\t\t\t\t\t\t\t\t\t\t\t\t\t\t\t\t\t\t\t<h4 class=\"pp-logo-title\">\n\t\t\t\t\t\t\t\t\t\t\thoppen\t\t\t\t\t\t\t\t\t\t\t<\/h4>\n\t\t\t\t\t\t\t\t\t\t\t\t\t\t\t\t\t\t\t<\/div>\n\t\t\t\t\t\t\t<\/div>\n\t\t\t\t\t\t\t\t\t\t\t<\/div>\n\t\t\t\t\t\t\t\t<div class=\"pp-slider-arrow elementor-swiper-button-prev swiper-button-prev-7bc80a9\">\n\t\t\t\t\t<svg aria-hidden=\"true\" class=\"e-font-icon-svg e-fas-angle-left\" viewbox=\"0 0 256 512\" xmlns=\"http:\/\/www.w3.org\/2000\/svg\"><path d=\"M31.7 239l136-136c9.4-9.4 24.6-9.4 33.9 0l22.6 22.6c9.4 9.4 9.4 24.6 0 33.9L127.9 256l96.4 96.4c9.4 9.4 9.4 24.6 0 33.9L201.7 409c-9.4 9.4-24.6 9.4-33.9 0l-136-136c-9.5-9.4-9.5-24.6-.1-34z\"><\/path><\/svg>\t\t\t\t<\/div>\n\t\t\t\t<div class=\"pp-slider-arrow elementor-swiper-button-next swiper-button-next-7bc80a9\">\n\t\t\t\t\t<svg aria-hidden=\"true\" class=\"e-font-icon-svg e-fas-angle-right\" viewbox=\"0 0 256 512\" xmlns=\"http:\/\/www.w3.org\/2000\/svg\"><path d=\"M224.3 273l-136 136c-9.4 9.4-24.6 9.4-33.9 0l-22.6-22.6c-9.4-9.4-9.4-24.6 0-33.9l96.4-96.4-96.4-96.4c-9.4-9.4-9.4-24.6 0-33.9L54.3 103c9.4-9.4 24.6-9.4 33.9 0l136 136c9.5 9.4 9.5 24.6.1 34z\"><\/path><\/svg>\t\t\t\t<\/div>\n\t\t\t\t\t\t<\/div>\n\t\t<\/div>\n\t\t\t\t\t\t<\/div>\n\t\t\t\t\t<\/div>\n\t\t\t\t<\/div>\n\t\t<div class=\"elementor-element elementor-element-c0da0f5 e-flex e-con-boxed e-con e-parent\" data-id=\"c0da0f5\" data-element_type=\"container\" data-e-type=\"container\">\n\t\t\t\t\t<div class=\"e-con-inner\">\n\t\t\t\t\t<\/div>\n\t\t\t\t<\/div>\n\t\t\t\t<\/div>","protected":false},"excerpt":{"rendered":"<p>CGC infra, int\u00e9grateur \u00e9co-responsable \u00ab\u00a0Chez CGC, nous croyons en une int\u00e9gration technologique respectueuse de l\u2019environnement.\u00a0\u00bb \u00a0\u00bb C\u2019est pourquoi nous nous engageons, au quotidien, \u00e0 limiter notre impact \u00e9cologique \u00e0 travers des actions concr\u00e8tes, partag\u00e9es par l\u2019ensemble de nos \u00e9quipes : techniciens, administratifs, prestataires ou stagiaires. \u00ab\u00a0 CGC, int\u00e9grateur \u00e9co-responsable Chez CGC, nous croyons en une [&hellip;]<\/p>","protected":false},"author":3,"featured_media":0,"parent":0,"menu_order":0,"comment_status":"closed","ping_status":"closed","template":"","meta":{"iawp_total_views":0,"footnotes":""},"class_list":["post-3242","page","type-page","status-publish","hentry"],"_links":{"self":[{"href":"https:\/\/cgc-infra.com\/en\/wp-json\/wp\/v2\/pages\/3242","targetHints":{"allow":["GET"]}}],"collection":[{"href":"https:\/\/cgc-infra.com\/en\/wp-json\/wp\/v2\/pages"}],"about":[{"href":"https:\/\/cgc-infra.com\/en\/wp-json\/wp\/v2\/types\/page"}],"author":[{"embeddable":true,"href":"https:\/\/cgc-infra.com\/en\/wp-json\/wp\/v2\/users\/3"}],"replies":[{"embeddable":true,"href":"https:\/\/cgc-infra.com\/en\/wp-json\/wp\/v2\/comments?post=3242"}],"version-history":[{"count":3,"href":"https:\/\/cgc-infra.com\/en\/wp-json\/wp\/v2\/pages\/3242\/revisions"}],"predecessor-version":[{"id":3901,"href":"https:\/\/cgc-infra.com\/en\/wp-json\/wp\/v2\/pages\/3242\/revisions\/3901"}],"wp:attachment":[{"href":"https:\/\/cgc-infra.com\/en\/wp-json\/wp\/v2\/media?parent=3242"}],"curies":[{"name":"wp","href":"https:\/\/api.w.org\/{rel}","templated":true}]}}